{"id":255,"date":"2025-11-02T16:23:58","date_gmt":"2025-11-02T16:23:58","guid":{"rendered":"https:\/\/22casino.games\/pt\/?page_id=255"},"modified":"2025-11-11T06:07:34","modified_gmt":"2025-11-11T06:07:34","slug":"app","status":"publish","type":"page","link":"https:\/\/22casino.games\/pt\/app\/","title":{"rendered":"Aplica\u00e7\u00e3o"},"content":{"rendered":"","protected":false},"excerpt":{"rendered":"","protected":false},"author":1,"featured_media":0,"parent":0,"menu_order":0,"comment_status":"closed","ping_status":"closed","template":"","meta":{"footnotes":""},"class_list":["post-255","page","type-page","status-publish","hentry"],"yoast_head":"<!-- This site is optimized with the Yoast SEO plugin v26.3 - https:\/\/yoast.com\/wordpress\/plugins\/seo\/ -->\n<title>Descarregue a aplica\u00e7\u00e3o 22Casino: o seu acesso \u00e0 emo\u00e7\u00e3o<\/title>\n<meta name=\"description\" content=\"Descubra o mundo dos jogos de azar com a aplica\u00e7\u00e3o 22Casino! Obtenha acesso instant\u00e2neo aos seus jogos de azar favoritos com um \u00fanico toque e aproveite ofertas exclusivas.\" \/>\n<meta name=\"robots\" content=\"index, follow, max-snippet:-1, max-image-preview:large, max-video-preview:-1\" \/>\n<meta property=\"og:locale\" content=\"pt_PT\" \/>\n<meta property=\"og:type\" content=\"article\" \/>\n<meta property=\"og:title\" content=\"Descarregue a aplica\u00e7\u00e3o 22Casino: o seu acesso \u00e0 emo\u00e7\u00e3o\" \/>\n<meta property=\"og:description\" content=\"Descubra o mundo dos jogos de azar com a aplica\u00e7\u00e3o 22Casino! Obtenha acesso instant\u00e2neo aos seus jogos de azar favoritos com um \u00fanico toque e aproveite ofertas exclusivas.\" \/>\n<meta property=\"og:url\" content=\"https:\/\/22casino.games\/pt\/app\/\" \/>\n<meta property=\"og:site_name\" content=\"22Casino Games PT\" \/>\n<meta property=\"article:modified_time\" content=\"2025-11-11T06:07:34+00:00\" \/>\n<meta name=\"twitter:card\" content=\"summary_large_image\" \/>\n<script type=\"application\/ld+json\" class=\"yoast-schema-graph\">{\"@context\":\"https:\/\/schema.org\",\"@graph\":[{\"@type\":\"WebPage\",\"@id\":\"https:\/\/22casino.games\/pt\/app\/\",\"url\":\"https:\/\/22casino.games\/pt\/app\/\",\"name\":\"Descarregue a aplica\u00e7\u00e3o 22Casino: o seu acesso \u00e0 emo\u00e7\u00e3o\",\"isPartOf\":{\"@id\":\"https:\/\/22casino.games\/pt\/#website\"},\"datePublished\":\"2025-11-02T16:23:58+00:00\",\"dateModified\":\"2025-11-11T06:07:34+00:00\",\"description\":\"Descubra o mundo dos jogos de azar com a aplica\u00e7\u00e3o 22Casino! Obtenha acesso instant\u00e2neo aos seus jogos de azar favoritos com um \u00fanico toque e aproveite ofertas exclusivas.\",\"breadcrumb\":{\"@id\":\"https:\/\/22casino.games\/pt\/app\/#breadcrumb\"},\"inLanguage\":\"pt-PT\",\"potentialAction\":[{\"@type\":\"ReadAction\",\"target\":[\"https:\/\/22casino.games\/pt\/app\/\"]}]},{\"@type\":\"BreadcrumbList\",\"@id\":\"https:\/\/22casino.games\/pt\/app\/#breadcrumb\",\"itemListElement\":[{\"@type\":\"ListItem\",\"position\":1,\"name\":\"Home\",\"item\":\"https:\/\/22casino.games\/pt\/\"},{\"@type\":\"ListItem\",\"position\":2,\"name\":\"Aplica\u00e7\u00e3o\"}]},{\"@type\":\"WebSite\",\"@id\":\"https:\/\/22casino.games\/pt\/#website\",\"url\":\"https:\/\/22casino.games\/pt\/\",\"name\":\"22Casino Games PT\",\"description\":\"My WordPress Blog\",\"potentialAction\":[{\"@type\":\"SearchAction\",\"target\":{\"@type\":\"EntryPoint\",\"urlTemplate\":\"https:\/\/22casino.games\/pt\/?s={search_term_string}\"},\"query-input\":{\"@type\":\"PropertyValueSpecification\",\"valueRequired\":true,\"valueName\":\"search_term_string\"}}],\"inLanguage\":\"pt-PT\"}]}<\/script>\n<!-- \/ Yoast SEO plugin. -->","yoast_head_json":{"title":"Descarregue a aplica\u00e7\u00e3o 22Casino: o seu acesso \u00e0 emo\u00e7\u00e3o","description":"Descubra o mundo dos jogos de azar com a aplica\u00e7\u00e3o 22Casino! Obtenha acesso instant\u00e2neo aos seus jogos de azar favoritos com um \u00fanico toque e aproveite ofertas exclusivas.","robots":{"index":"index","follow":"follow","max-snippet":"max-snippet:-1","max-image-preview":"max-image-preview:large","max-video-preview":"max-video-preview:-1"},"og_locale":"pt_PT","og_type":"article","og_title":"Descarregue a aplica\u00e7\u00e3o 22Casino: o seu acesso \u00e0 emo\u00e7\u00e3o","og_description":"Descubra o mundo dos jogos de azar com a aplica\u00e7\u00e3o 22Casino! Obtenha acesso instant\u00e2neo aos seus jogos de azar favoritos com um \u00fanico toque e aproveite ofertas exclusivas.","og_url":"https:\/\/22casino.games\/pt\/app\/","og_site_name":"22Casino Games PT","article_modified_time":"2025-11-11T06:07:34+00:00","twitter_card":"summary_large_image","schema":{"@context":"https:\/\/schema.org","@graph":[{"@type":"WebPage","@id":"https:\/\/22casino.games\/pt\/app\/","url":"https:\/\/22casino.games\/pt\/app\/","name":"Descarregue a aplica\u00e7\u00e3o 22Casino: o seu acesso \u00e0 emo\u00e7\u00e3o","isPartOf":{"@id":"https:\/\/22casino.games\/pt\/#website"},"datePublished":"2025-11-02T16:23:58+00:00","dateModified":"2025-11-11T06:07:34+00:00","description":"Descubra o mundo dos jogos de azar com a aplica\u00e7\u00e3o 22Casino! Obtenha acesso instant\u00e2neo aos seus jogos de azar favoritos com um \u00fanico toque e aproveite ofertas exclusivas.","breadcrumb":{"@id":"https:\/\/22casino.games\/pt\/app\/#breadcrumb"},"inLanguage":"pt-PT","potentialAction":[{"@type":"ReadAction","target":["https:\/\/22casino.games\/pt\/app\/"]}]},{"@type":"BreadcrumbList","@id":"https:\/\/22casino.games\/pt\/app\/#breadcrumb","itemListElement":[{"@type":"ListItem","position":1,"name":"Home","item":"https:\/\/22casino.games\/pt\/"},{"@type":"ListItem","position":2,"name":"Aplica\u00e7\u00e3o"}]},{"@type":"WebSite","@id":"https:\/\/22casino.games\/pt\/#website","url":"https:\/\/22casino.games\/pt\/","name":"22Casino Games PT","description":"My WordPress Blog","potentialAction":[{"@type":"SearchAction","target":{"@type":"EntryPoint","urlTemplate":"https:\/\/22casino.games\/pt\/?s={search_term_string}"},"query-input":{"@type":"PropertyValueSpecification","valueRequired":true,"valueName":"search_term_string"}}],"inLanguage":"pt-PT"}]}},"_links":{"self":[{"href":"https:\/\/22casino.games\/pt\/wp-json\/wp\/v2\/pages\/255","targetHints":{"allow":["GET"]}}],"collection":[{"href":"https:\/\/22casino.games\/pt\/wp-json\/wp\/v2\/pages"}],"about":[{"href":"https:\/\/22casino.games\/pt\/wp-json\/wp\/v2\/types\/page"}],"author":[{"embeddable":true,"href":"https:\/\/22casino.games\/pt\/wp-json\/wp\/v2\/users\/1"}],"replies":[{"embeddable":true,"href":"https:\/\/22casino.games\/pt\/wp-json\/wp\/v2\/comments?post=255"}],"version-history":[{"count":6,"href":"https:\/\/22casino.games\/pt\/wp-json\/wp\/v2\/pages\/255\/revisions"}],"predecessor-version":[{"id":313,"href":"https:\/\/22casino.games\/pt\/wp-json\/wp\/v2\/pages\/255\/revisions\/313"}],"wp:attachment":[{"href":"https:\/\/22casino.games\/pt\/wp-json\/wp\/v2\/media?parent=255"}],"curies":[{"name":"wp","href":"https:\/\/api.w.org\/{rel}","templated":true}]}}